{"id":24,"date":"2025-08-26T20:31:03","date_gmt":"2025-08-26T18:31:03","guid":{"rendered":"http:\/\/juzpanstwobernat.pl\/?page_id=24"},"modified":"2025-08-26T20:31:03","modified_gmt":"2025-08-26T18:31:03","slug":"jak-dojechac","status":"publish","type":"page","link":"https:\/\/juzpanstwobernat.pl\/?page_id=24","title":{"rendered":"GDZIE I KIEDY?"},"content":{"rendered":"\n<div class=\"wp-block-group alignfull has-global-padding is-layout-constrained wp-container-core-group-is-layout-d89aad35 wp-block-group-is-layout-constrained\" style=\"margin-top:0;margin-bottom:0;padding-top:var(--wp--preset--spacing--50);padding-right:var(--wp--preset--spacing--50);padding-bottom:var(--wp--preset--spacing--50);padding-left:var(--wp--preset--spacing--50)\">\n<div class=\"wp-block-group alignwide has-global-padding is-layout-constrained wp-container-core-group-is-layout-19e250f3 wp-block-group-is-layout-constrained\">\n<div class=\"wp-block-group is-vertical is-content-justification-center is-layout-flex wp-container-core-group-is-layout-6329a8f3 wp-block-group-is-layout-flex\">\n<h2 class=\"wp-block-heading has-text-align-center is-style-asterisk\">Chcemy, aby\u015bcie byli z nami w ten wyj\u0105tkowy dzie\u0144.<br>Z niecierpliwo\u015bci\u0105 czekamy na wsp\u00f3ln\u0105 celebracj\u0119!<\/h2>\n\n\n\n<p class=\"has-text-align-center\"><\/p>\n<\/div>\n\n\n\n<div style=\"height:var(--wp--preset--spacing--40)\" aria-hidden=\"true\" class=\"wp-block-spacer\"><\/div>\n\n\n\n<div class=\"wp-block-columns alignwide is-layout-flex wp-container-core-columns-is-layout-d1c656ed wp-block-columns-is-layout-flex\">\n<div class=\"wp-block-column is-vertically-aligned-center is-layout-flow wp-block-column-is-layout-flow\" style=\"flex-basis:40%\">\n<h3 class=\"wp-block-heading is-style-asterisk\">NASZ \u015aLUB<\/h3>\n\n\n\n<p>odb\u0119dzie si\u0119 24.04.2026 o godzinie 13:15<br>Art Hotel<br><a href=\"https:\/\/www.google.com\/maps\/place\/\/data=!4m2!3m1!1s0x470fc275589dd65d:0x18d2495c8f08bc5f?sa=X&amp;ved=1t:8290&amp;ictx=111\">Kie\u0142ba\u015bnicza 20, 50-110 Wroc\u0142aw<\/a><\/p>\n<\/div>\n\n\n\n<div class=\"wp-block-column is-layout-flow wp-block-column-is-layout-flow\" style=\"flex-basis:50%\">\n<figure class=\"wp-block-image size-full is-style-rounded is-style-rounded--1\"><img loading=\"lazy\" decoding=\"async\" width=\"680\" height=\"454\" src=\"https:\/\/juzpanstwobernat.pl\/wp-content\/uploads\/2025\/08\/2.webp\" alt=\"\" class=\"wp-image-25\" srcset=\"https:\/\/juzpanstwobernat.pl\/wp-content\/uploads\/2025\/08\/2.webp 680w, https:\/\/juzpanstwobernat.pl\/wp-content\/uploads\/2025\/08\/2-300x200.webp 300w\" sizes=\"auto, (max-width: 680px) 100vw, 680px\" \/><\/figure>\n<\/div>\n<\/div>\n\n\n\n<div style=\"height:var(--wp--preset--spacing--40)\" aria-hidden=\"true\" class=\"wp-block-spacer\"><\/div>\n\n\n\n<div class=\"wp-block-columns alignwide is-layout-flex wp-container-core-columns-is-layout-d1c656ed wp-block-columns-is-layout-flex\">\n<div class=\"wp-block-column is-layout-flow wp-block-column-is-layout-flow\" style=\"flex-basis:50%\">\n<figure class=\"wp-block-image size-large is-style-rounded is-style-rounded--2\"><img loading=\"lazy\" decoding=\"async\" width=\"899\" height=\"1024\" src=\"https:\/\/juzpanstwobernat.pl\/wp-content\/uploads\/2025\/08\/3-899x1024.jpeg\" alt=\"\" class=\"wp-image-26\" srcset=\"https:\/\/juzpanstwobernat.pl\/wp-content\/uploads\/2025\/08\/3-899x1024.jpeg 899w, https:\/\/juzpanstwobernat.pl\/wp-content\/uploads\/2025\/08\/3-263x300.jpeg 263w, https:\/\/juzpanstwobernat.pl\/wp-content\/uploads\/2025\/08\/3-768x875.jpeg 768w, https:\/\/juzpanstwobernat.pl\/wp-content\/uploads\/2025\/08\/3.jpeg 1179w\" sizes=\"auto, (max-width: 899px) 100vw, 899px\" \/><\/figure>\n<\/div>\n\n\n\n<div class=\"wp-block-column is-vertically-aligned-center is-layout-flow wp-block-column-is-layout-flow\" style=\"flex-basis:40%\">\n<h3 class=\"wp-block-heading is-style-asterisk\"><br><br>Najbli\u017csze parkingi:<\/h3>\n\n\n\n<ul style=\"line-height:1.75\" class=\"wp-block-list is-style-checkmark-list\">\n<li><a href=\"https:\/\/maps.app.goo.gl\/CEMnm2iD8tkP5zN49\" data-type=\"link\" data-id=\"https:\/\/maps.app.goo.gl\/CEMnm2iD8tkP5zN49\">Parking og\u00f3lnodost\u0119pny <\/a><\/li>\n\n\n\n<li><a href=\"https:\/\/maps.app.goo.gl\/Hpau7UTuHgG49U2j9\">Parking Wratislavia Center<\/a><\/li>\n\n\n\n<li><a href=\"https:\/\/maps.app.goo.gl\/e22nsS1JHSNrxRUZ6\">Parking podziemny<\/a><\/li>\n\n\n\n<li><a href=\"https:\/\/maps.app.goo.gl\/W7yzyVo3WLoczqcK6\">Interparking NFM<\/a><br><\/li>\n<\/ul>\n<\/div>\n<\/div>\n<\/div>\n<\/div>\n\n\n\n<div class=\"wp-block-group alignfull has-global-padding is-layout-constrained wp-container-core-group-is-layout-d89aad35 wp-block-group-is-layout-constrained\" style=\"margin-top:0;margin-bottom:0;padding-top:var(--wp--preset--spacing--50);padding-right:var(--wp--preset--spacing--50);padding-bottom:var(--wp--preset--spacing--50);padding-left:var(--wp--preset--spacing--50)\"><\/div>\n\n\n\n<h2 class=\"wp-block-heading\"><\/h2>\n","protected":false},"excerpt":{"rendered":"<p>Chcemy, aby\u015bcie byli z nami w ten wyj\u0105tkowy dzie\u0144.Z niecierpliwo\u015bci\u0105 czekamy na wsp\u00f3ln\u0105 celebracj\u0119! NASZ \u015aLUB odb\u0119dzie si\u0119 24.04.2026 o godzinie 13:15Art HotelKie\u0142ba\u015bnicza 20, 50-110 Wroc\u0142aw Najbli\u017csze parkingi:<\/p>\n","protected":false},"author":1,"featured_media":0,"parent":0,"menu_order":0,"comment_status":"closed","ping_status":"closed","template":"","meta":{"footnotes":""},"class_list":["post-24","page","type-page","status-publish","hentry"],"_links":{"self":[{"href":"https:\/\/juzpanstwobernat.pl\/index.php?rest_route=\/wp\/v2\/pages\/24","targetHints":{"allow":["GET"]}}],"collection":[{"href":"https:\/\/juzpanstwobernat.pl\/index.php?rest_route=\/wp\/v2\/pages"}],"about":[{"href":"https:\/\/juzpanstwobernat.pl\/index.php?rest_route=\/wp\/v2\/types\/page"}],"author":[{"embeddable":true,"href":"https:\/\/juzpanstwobernat.pl\/index.php?rest_route=\/wp\/v2\/users\/1"}],"replies":[{"embeddable":true,"href":"https:\/\/juzpanstwobernat.pl\/index.php?rest_route=%2Fwp%2Fv2%2Fcomments&post=24"}],"version-history":[{"count":1,"href":"https:\/\/juzpanstwobernat.pl\/index.php?rest_route=\/wp\/v2\/pages\/24\/revisions"}],"predecessor-version":[{"id":28,"href":"https:\/\/juzpanstwobernat.pl\/index.php?rest_route=\/wp\/v2\/pages\/24\/revisions\/28"}],"wp:attachment":[{"href":"https:\/\/juzpanstwobernat.pl\/index.php?rest_route=%2Fwp%2Fv2%2Fmedia&parent=24"}],"curies":[{"name":"wp","href":"https:\/\/api.w.org\/{rel}","templated":true}]}}