{"id":41,"date":"2025-11-18T11:28:24","date_gmt":"2025-11-18T10:28:24","guid":{"rendered":"http:\/\/juzpanstwobernat.pl\/?page_id=41"},"modified":"2025-11-18T11:32:28","modified_gmt":"2025-11-18T10:32:28","slug":"41-2","status":"publish","type":"page","link":"https:\/\/juzpanstwobernat.pl\/?page_id=41","title":{"rendered":"\ud83d\udcde"},"content":{"rendered":"\n<div class=\"wp-block-group alignfull has-global-padding is-layout-constrained wp-container-core-group-is-layout-490fa1db wp-block-group-is-layout-constrained\" style=\"padding-top:var(--wp--preset--spacing--50);padding-right:var(--wp--preset--spacing--50);padding-bottom:var(--wp--preset--spacing--50);padding-left:var(--wp--preset--spacing--50)\">\n<div class=\"wp-block-group has-global-padding is-layout-constrained wp-container-core-group-is-layout-650790e1 wp-block-group-is-layout-constrained\">\n<h1 class=\"wp-block-heading has-text-align-center has-x-large-font-size\">Kochani!<br>Poni\u017cej wrzucamy kontakty <br>do nas i do \u015awiadk\u00f3w <\/h1>\n\n\n\n<div style=\"height:1.25rem\" aria-hidden=\"true\" class=\"wp-block-spacer\"><\/div>\n<\/div>\n\n\n\n<p class=\"has-text-align-center\">Asia &#8211; 730 655 140<\/p>\n\n\n\n<p class=\"has-text-align-center\">Patryk &#8211; 794 119 644<\/p>\n\n\n\n<p class=\"has-text-align-center\">Hedi &#8211; 736 773 358<\/p>\n\n\n\n<p class=\"has-text-align-center\">Maciej &#8211; 602 719 168<\/p>\n\n\n\n<figure class=\"wp-block-gallery alignwide has-nested-images columns-default is-cropped wp-block-gallery-1 is-layout-flex wp-block-gallery-is-layout-flex\">\n<figure class=\"wp-block-image size-full\"><img loading=\"lazy\" decoding=\"async\" width=\"1536\" height=\"1024\" data-id=\"47\" src=\"https:\/\/juzpanstwobernat.pl\/wp-content\/uploads\/2025\/11\/poziome.jpg\" alt=\"\" class=\"wp-image-47\" srcset=\"https:\/\/juzpanstwobernat.pl\/wp-content\/uploads\/2025\/11\/poziome.jpg 1536w, https:\/\/juzpanstwobernat.pl\/wp-content\/uploads\/2025\/11\/poziome-300x200.jpg 300w, https:\/\/juzpanstwobernat.pl\/wp-content\/uploads\/2025\/11\/poziome-1024x683.jpg 1024w, https:\/\/juzpanstwobernat.pl\/wp-content\/uploads\/2025\/11\/poziome-768x512.jpg 768w\" sizes=\"auto, (max-width: 1536px) 100vw, 1536px\" \/><\/figure>\n<\/figure>\n<\/div>\n\n\n\n<p><\/p>\n","protected":false},"excerpt":{"rendered":"<p>Kochani!Poni\u017cej wrzucamy kontakty do nas i do \u015awiadk\u00f3w Asia &#8211; 730 655 140 Patryk &#8211; 794 119 644 Hedi &#8211; 736 773 358 Maciej &#8211; 602 719 168<\/p>\n","protected":false},"author":1,"featured_media":0,"parent":0,"menu_order":0,"comment_status":"closed","ping_status":"closed","template":"","meta":{"footnotes":""},"class_list":["post-41","page","type-page","status-publish","hentry"],"_links":{"self":[{"href":"https:\/\/juzpanstwobernat.pl\/index.php?rest_route=\/wp\/v2\/pages\/41","targetHints":{"allow":["GET"]}}],"collection":[{"href":"https:\/\/juzpanstwobernat.pl\/index.php?rest_route=\/wp\/v2\/pages"}],"about":[{"href":"https:\/\/juzpanstwobernat.pl\/index.php?rest_route=\/wp\/v2\/types\/page"}],"author":[{"embeddable":true,"href":"https:\/\/juzpanstwobernat.pl\/index.php?rest_route=\/wp\/v2\/users\/1"}],"replies":[{"embeddable":true,"href":"https:\/\/juzpanstwobernat.pl\/index.php?rest_route=%2Fwp%2Fv2%2Fcomments&post=41"}],"version-history":[{"count":5,"href":"https:\/\/juzpanstwobernat.pl\/index.php?rest_route=\/wp\/v2\/pages\/41\/revisions"}],"predecessor-version":[{"id":52,"href":"https:\/\/juzpanstwobernat.pl\/index.php?rest_route=\/wp\/v2\/pages\/41\/revisions\/52"}],"wp:attachment":[{"href":"https:\/\/juzpanstwobernat.pl\/index.php?rest_route=%2Fwp%2Fv2%2Fmedia&parent=41"}],"curies":[{"name":"wp","href":"https:\/\/api.w.org\/{rel}","templated":true}]}}